{"id":1542,"date":"2024-07-20T18:44:29","date_gmt":"2024-07-20T18:44:29","guid":{"rendered":"https:\/\/zontaf4k.com\/?page_id=1542"},"modified":"2024-07-20T18:56:05","modified_gmt":"2024-07-20T18:56:05","slug":"free-trial-thank-you","status":"publish","type":"page","link":"https:\/\/zontaf4k.com\/sv\/free-trial-thank-you\/","title":{"rendered":"Free Trial Thank You"},"content":{"rendered":"<div data-elementor-type=\"wp-page\" data-elementor-id=\"1542\" class=\"elementor elementor-1542\" data-elementor-post-type=\"page\">\n\t\t\t\t<div data-particle_enable=\"false\" data-particle-mobile-disabled=\"false\" class=\"elementor-element elementor-element-7e3731d e-flex e-con-boxed e-con e-parent\" data-id=\"7e3731d\" data-element_type=\"container\" data-e-type=\"container\" data-settings=\"{&quot;background_background&quot;:&quot;classic&quot;}\">\n\t\t\t\t\t<div class=\"e-con-inner\">\n\t\t\t\t<div class=\"elementor-element elementor-element-aeb01d1 elementor-view-default elementor-widget elementor-widget-icon\" data-id=\"aeb01d1\" data-element_type=\"widget\" data-e-type=\"widget\" data-widget_type=\"icon.default\">\n\t\t\t\t\t\t\t<div class=\"elementor-icon-wrapper\">\n\t\t\t<div class=\"elementor-icon\">\n\t\t\t<svg aria-hidden=\"true\" class=\"e-font-icon-svg e-fas-check-circle\" viewbox=\"0 0 512 512\" xmlns=\"http:\/\/www.w3.org\/2000\/svg\"><path d=\"M504 256c0 136.967-111.033 248-248 248S8 392.967 8 256 119.033 8 256 8s248 111.033 248 248zM227.314 387.314l184-184c6.248-6.248 6.248-16.379 0-22.627l-22.627-22.627c-6.248-6.249-16.379-6.249-22.628 0L216 308.118l-70.059-70.059c-6.248-6.248-16.379-6.248-22.628 0l-22.627 22.627c-6.248 6.248-6.248 16.379 0 22.627l104 104c6.249 6.249 16.379 6.249 22.628.001z\"><\/path><\/svg>\t\t\t<\/div>\n\t\t<\/div>\n\t\t\t\t\t\t<\/div>\n\t\t\t\t<div class=\"elementor-element elementor-element-b885081 elementor-widget elementor-widget-heading\" data-id=\"b885081\" data-element_type=\"widget\" data-e-type=\"widget\" data-widget_type=\"heading.default\">\n\t\t\t\t\t<h2 class=\"elementor-heading-title elementor-size-default\">Tack!<\/h2>\t\t\t\t<\/div>\n\t\t\t\t<div class=\"elementor-element elementor-element-a9859b8 elementor-widget elementor-widget-text-editor\" data-id=\"a9859b8\" data-element_type=\"widget\" data-e-type=\"widget\" data-widget_type=\"text-editor.default\">\n\t\t\t\t\t\t\t\t\t<p>Din ans\u00f6kan har skickats. Din faktura \u00e4r p\u00e5 v\u00e4g, oftast inom n\u00e5gra minuter. Om du inte ser det inom 2 minuter, kontrollera din SPAM-mapp, eller\u00a0<a href=\"https:\/\/zontaf4k.com\/sv\/contact-us\/\">Kontakta Oss<\/a> .<\/p><p>Vi \u00e4r h\u00e4r f\u00f6r att hj\u00e4lpa dig med alla fr\u00e5gor eller st\u00f6d du beh\u00f6ver. Tack f\u00f6r att du v\u00e4ljer Zontaf IPTV, och vi \u00e4r glada \u00f6ver att ge dig en bra underh\u00e5llning upplevelse!<\/p>\t\t\t\t\t\t\t\t<\/div>\n\t\t\t\t\t<\/div>\n\t\t\t\t<\/div>\n\t\t\t\t<\/div>","protected":false},"excerpt":{"rendered":"<p>Thanks! Your application has been sent. Your invoice is on its way, usually within minutes. If you don&#8217;t see it within 2 minutes, check your SPAM folder or\u00a0Contact Us . We are here to help you with any questions or support you need. Thank you for choosing Zontaf IPTV; we are excited to bring you [&hellip;]<\/p>\n","protected":false},"author":1,"featured_media":0,"parent":0,"menu_order":0,"comment_status":"closed","ping_status":"closed","template":"elementor_header_footer","meta":{"_monsterinsights_skip_tracking":false,"_monsterinsights_sitenote_active":false,"_monsterinsights_sitenote_note":"","_monsterinsights_sitenote_category":0,"footnotes":""},"class_list":["post-1542","page","type-page","status-publish","hentry"],"jetpack_sharing_enabled":true,"_links":{"self":[{"href":"https:\/\/zontaf4k.com\/sv\/wp-json\/wp\/v2\/pages\/1542","targetHints":{"allow":["GET"]}}],"collection":[{"href":"https:\/\/zontaf4k.com\/sv\/wp-json\/wp\/v2\/pages"}],"about":[{"href":"https:\/\/zontaf4k.com\/sv\/wp-json\/wp\/v2\/types\/page"}],"author":[{"embeddable":true,"href":"https:\/\/zontaf4k.com\/sv\/wp-json\/wp\/v2\/users\/1"}],"replies":[{"embeddable":true,"href":"https:\/\/zontaf4k.com\/sv\/wp-json\/wp\/v2\/comments?post=1542"}],"version-history":[{"count":13,"href":"https:\/\/zontaf4k.com\/sv\/wp-json\/wp\/v2\/pages\/1542\/revisions"}],"predecessor-version":[{"id":1560,"href":"https:\/\/zontaf4k.com\/sv\/wp-json\/wp\/v2\/pages\/1542\/revisions\/1560"}],"wp:attachment":[{"href":"https:\/\/zontaf4k.com\/sv\/wp-json\/wp\/v2\/media?parent=1542"}],"curies":[{"name":"wp","href":"https:\/\/api.w.org\/{rel}","templated":true}]}}